{"id":2835,"date":"2026-03-16T14:33:58","date_gmt":"2026-03-16T18:33:58","guid":{"rendered":"https:\/\/idealengros.com\/?post_type=product&#038;p=2835"},"modified":"2026-04-17T10:32:31","modified_gmt":"2026-04-17T14:32:31","slug":"verre-a-cafe-paroi-double-12-oz","status":"publish","type":"product","link":"https:\/\/idealengros.com\/en\/nos-produits\/verre-a-cafe-paroi-double-12-oz\/","title":{"rendered":"Verre \u00e0 caf\u00e9 paroi double 12 oz"},"content":{"rendered":null,"protected":false},"excerpt":{"rendered":"<p>Verre \u00e0 caf\u00e9 paroi double 12 oz<\/p>","protected":false},"featured_media":2862,"template":"","meta":[],"product_cat":[198],"product_tag":[],"_links":{"self":[{"href":"https:\/\/idealengros.com\/en\/wp-json\/wp\/v2\/product\/2835"}],"collection":[{"href":"https:\/\/idealengros.com\/en\/wp-json\/wp\/v2\/product"}],"about":[{"href":"https:\/\/idealengros.com\/en\/wp-json\/wp\/v2\/types\/product"}],"wp:featuredmedia":[{"embeddable":true,"href":"https:\/\/idealengros.com\/en\/wp-json\/wp\/v2\/media\/2862"}],"wp:attachment":[{"href":"https:\/\/idealengros.com\/en\/wp-json\/wp\/v2\/media?parent=2835"}],"wp:term":[{"taxonomy":"product_cat","embeddable":true,"href":"https:\/\/idealengros.com\/en\/wp-json\/wp\/v2\/product_cat?post=2835"},{"taxonomy":"product_tag","embeddable":true,"href":"https:\/\/idealengros.com\/en\/wp-json\/wp\/v2\/product_tag?post=2835"}],"curies":[{"name":"wp","href":"https:\/\/api.w.org\/{rel}","templated":true}]}}