{"id":2730,"date":"2025-09-10T14:54:54","date_gmt":"2025-09-10T18:54:54","guid":{"rendered":"https:\/\/idealengros.com\/?post_type=product&#038;p=2730"},"modified":"2025-09-23T10:50:12","modified_gmt":"2025-09-23T14:50:12","slug":"7677-boite-a-gateau-tunnel-avec-fenetre-9-x-9-x-5-kraft-congelation-180-cse15-cses-pal","status":"publish","type":"product","link":"https:\/\/idealengros.com\/en\/nos-produits\/7677-boite-a-gateau-tunnel-avec-fenetre-9-x-9-x-5-kraft-congelation-180-cse15-cses-pal\/","title":{"rendered":"#7677-Bo\u00eete \u00e0 g\u00e2teau tunnel avec fen\u00eatre 9&#8221; x 9&#8221; x 5&#8221; kraft cong\u00e9lation (180\/cse)(15 cses\/pal)"},"content":{"rendered":null,"protected":false},"excerpt":{"rendered":"<p>#7677-Bo\u00eete \u00e0 g\u00e2teau tunnel avec fen\u00eatre 9&#8221; x 9&#8221; x 5&#8221; kraft cong\u00e9lation (180\/cse)<br \/>\n(15 cses\/pal)<\/p>","protected":false},"featured_media":2734,"template":"","meta":[],"product_cat":[189],"product_tag":[],"_links":{"self":[{"href":"https:\/\/idealengros.com\/en\/wp-json\/wp\/v2\/product\/2730"}],"collection":[{"href":"https:\/\/idealengros.com\/en\/wp-json\/wp\/v2\/product"}],"about":[{"href":"https:\/\/idealengros.com\/en\/wp-json\/wp\/v2\/types\/product"}],"wp:featuredmedia":[{"embeddable":true,"href":"https:\/\/idealengros.com\/en\/wp-json\/wp\/v2\/media\/2734"}],"wp:attachment":[{"href":"https:\/\/idealengros.com\/en\/wp-json\/wp\/v2\/media?parent=2730"}],"wp:term":[{"taxonomy":"product_cat","embeddable":true,"href":"https:\/\/idealengros.com\/en\/wp-json\/wp\/v2\/product_cat?post=2730"},{"taxonomy":"product_tag","embeddable":true,"href":"https:\/\/idealengros.com\/en\/wp-json\/wp\/v2\/product_tag?post=2730"}],"curies":[{"name":"wp","href":"https:\/\/api.w.org\/{rel}","templated":true}]}}