{"id":2728,"date":"2025-09-10T10:54:23","date_gmt":"2025-09-10T14:54:23","guid":{"rendered":"https:\/\/idealengros.com\/?post_type=product&#038;p=2728"},"modified":"2025-09-10T10:54:23","modified_gmt":"2025-09-10T14:54:23","slug":"7622-boite-patisserie-9-x-9-x-3-375-tunnel-blanche-hibrite-30-pts-congelation-150-cse-24-cses-pal","status":"publish","type":"product","link":"https:\/\/idealengros.com\/en\/nos-produits\/7622-boite-patisserie-9-x-9-x-3-375-tunnel-blanche-hibrite-30-pts-congelation-150-cse-24-cses-pal\/","title":{"rendered":"#7622-Bo\u00eete p\u00e2tisserie 9&#8243; x 9&#8243; x 3.375&#8243; tunnel blanche Hibrite 30 pts cong\u00e9lation (150\/cse) 24 cses\/pal"},"content":{"rendered":null,"protected":false},"excerpt":{"rendered":"<p>#7622-Bo\u00eete p\u00e2tisserie 9&#8243; x 9&#8243; x 3.375&#8243; tunnel blanche Hibrite 30 pts cong\u00e9lation (150\/cse) 24 cses\/pal<\/p>","protected":false},"featured_media":2729,"template":"","meta":[],"product_cat":[189],"product_tag":[],"_links":{"self":[{"href":"https:\/\/idealengros.com\/en\/wp-json\/wp\/v2\/product\/2728"}],"collection":[{"href":"https:\/\/idealengros.com\/en\/wp-json\/wp\/v2\/product"}],"about":[{"href":"https:\/\/idealengros.com\/en\/wp-json\/wp\/v2\/types\/product"}],"wp:featuredmedia":[{"embeddable":true,"href":"https:\/\/idealengros.com\/en\/wp-json\/wp\/v2\/media\/2729"}],"wp:attachment":[{"href":"https:\/\/idealengros.com\/en\/wp-json\/wp\/v2\/media?parent=2728"}],"wp:term":[{"taxonomy":"product_cat","embeddable":true,"href":"https:\/\/idealengros.com\/en\/wp-json\/wp\/v2\/product_cat?post=2728"},{"taxonomy":"product_tag","embeddable":true,"href":"https:\/\/idealengros.com\/en\/wp-json\/wp\/v2\/product_tag?post=2728"}],"curies":[{"name":"wp","href":"https:\/\/api.w.org\/{rel}","templated":true}]}}