{"id":2725,"date":"2025-09-10T10:52:47","date_gmt":"2025-09-10T14:52:47","guid":{"rendered":"https:\/\/idealengros.com\/?post_type=product&#038;p=2725"},"modified":"2025-09-10T10:58:53","modified_gmt":"2025-09-10T14:58:53","slug":"7621-boite-patisserie-cakery-8-x-6-x-4-blanche-avec-vernis-fda-2-hibrite-28-pts-congelation-120-cse-40-cses-pal","status":"publish","type":"product","link":"https:\/\/idealengros.com\/en\/nos-produits\/7621-boite-patisserie-cakery-8-x-6-x-4-blanche-avec-vernis-fda-2-hibrite-28-pts-congelation-120-cse-40-cses-pal\/","title":{"rendered":"#7621-Bo\u00eete p\u00e2tisserie 8&#8243; x 6&#8243; x 4&#8243; blanche avec vernis FDA 2 Hibrite 28 pts cong\u00e9lation (120\/cse) (40 cses\/pal)"},"content":{"rendered":null,"protected":false},"excerpt":{"rendered":"<p>#7621-Bo\u00eete p\u00e2tisserie 8&#8243; x 6&#8243; x 4&#8243; blanche avec vernis FDA 2 Hibrite 28 pts cong\u00e9lation (120\/cse) (40 cses\/pal)<\/p>","protected":false},"featured_media":2726,"template":"","meta":[],"product_cat":[189],"product_tag":[],"_links":{"self":[{"href":"https:\/\/idealengros.com\/en\/wp-json\/wp\/v2\/product\/2725"}],"collection":[{"href":"https:\/\/idealengros.com\/en\/wp-json\/wp\/v2\/product"}],"about":[{"href":"https:\/\/idealengros.com\/en\/wp-json\/wp\/v2\/types\/product"}],"wp:featuredmedia":[{"embeddable":true,"href":"https:\/\/idealengros.com\/en\/wp-json\/wp\/v2\/media\/2726"}],"wp:attachment":[{"href":"https:\/\/idealengros.com\/en\/wp-json\/wp\/v2\/media?parent=2725"}],"wp:term":[{"taxonomy":"product_cat","embeddable":true,"href":"https:\/\/idealengros.com\/en\/wp-json\/wp\/v2\/product_cat?post=2725"},{"taxonomy":"product_tag","embeddable":true,"href":"https:\/\/idealengros.com\/en\/wp-json\/wp\/v2\/product_tag?post=2725"}],"curies":[{"name":"wp","href":"https:\/\/api.w.org\/{rel}","templated":true}]}}