{"id":2684,"date":"2025-03-05T12:03:27","date_gmt":"2025-03-05T17:03:27","guid":{"rendered":"https:\/\/idealengros.com\/?post_type=product&#038;p=2684"},"modified":"2026-04-17T10:39:53","modified_gmt":"2026-04-17T14:39:53","slug":"gobelet-personnalise","status":"publish","type":"product","link":"https:\/\/idealengros.com\/en\/nos-produits\/gobelet-personnalise\/","title":{"rendered":"Gobelet personnalis\u00e9"},"content":{"rendered":null,"protected":false},"excerpt":{"rendered":"<p>Gobelet 100 % recyclable \/<\/p>\n<p>\u00c0 PERSONNALISER SELON VOS COULEURS<\/p>\n<p>Parfait pour breuvage chaud ou froid<\/p>\n<p>Id\u00e9al pour cr\u00e8me glac\u00e9e \/ slush \/ smoothie<\/p>\n<p>Disponible en plusieurs formats ;<\/p>\n<p>8 oz , 12 oz, 16 oz et 22 oz<\/p>\n<p>&nbsp;<\/p>","protected":false},"featured_media":2867,"template":"","meta":[],"product_cat":[198],"product_tag":[],"_links":{"self":[{"href":"https:\/\/idealengros.com\/en\/wp-json\/wp\/v2\/product\/2684"}],"collection":[{"href":"https:\/\/idealengros.com\/en\/wp-json\/wp\/v2\/product"}],"about":[{"href":"https:\/\/idealengros.com\/en\/wp-json\/wp\/v2\/types\/product"}],"wp:featuredmedia":[{"embeddable":true,"href":"https:\/\/idealengros.com\/en\/wp-json\/wp\/v2\/media\/2867"}],"wp:attachment":[{"href":"https:\/\/idealengros.com\/en\/wp-json\/wp\/v2\/media?parent=2684"}],"wp:term":[{"taxonomy":"product_cat","embeddable":true,"href":"https:\/\/idealengros.com\/en\/wp-json\/wp\/v2\/product_cat?post=2684"},{"taxonomy":"product_tag","embeddable":true,"href":"https:\/\/idealengros.com\/en\/wp-json\/wp\/v2\/product_tag?post=2684"}],"curies":[{"name":"wp","href":"https:\/\/api.w.org\/{rel}","templated":true}]}}