{"id":2682,"date":"2025-03-05T11:51:39","date_gmt":"2025-03-05T16:51:39","guid":{"rendered":"https:\/\/idealengros.com\/?post_type=product&#038;p=2682"},"modified":"2025-03-05T13:15:15","modified_gmt":"2025-03-05T18:15:15","slug":"gobelet-generique","status":"publish","type":"product","link":"https:\/\/idealengros.com\/en\/nos-produits\/gobelet-generique\/","title":{"rendered":"Gobelet g\u00e9n\u00e9rique"},"content":{"rendered":"<p>&nbsp;<\/p>\n<p>&nbsp;<\/p>","protected":false},"excerpt":{"rendered":"<p>Gobelet 100 % recyclable<\/p>\n<p>Parfait pour breuvage chaud ou froid<\/p>\n<p>Id\u00e9al pour cr\u00e8me glac\u00e9e \/ slush \/ smoothie<\/p>\n<p>Disponible en plusieurs formats ;<\/p>\n<p>8 oz , 12 oz, 16 oz et 22 oz<\/p>\n<p>&nbsp;<\/p>","protected":false},"featured_media":2672,"template":"","meta":[],"product_cat":[198],"product_tag":[],"_links":{"self":[{"href":"https:\/\/idealengros.com\/en\/wp-json\/wp\/v2\/product\/2682"}],"collection":[{"href":"https:\/\/idealengros.com\/en\/wp-json\/wp\/v2\/product"}],"about":[{"href":"https:\/\/idealengros.com\/en\/wp-json\/wp\/v2\/types\/product"}],"wp:featuredmedia":[{"embeddable":true,"href":"https:\/\/idealengros.com\/en\/wp-json\/wp\/v2\/media\/2672"}],"wp:attachment":[{"href":"https:\/\/idealengros.com\/en\/wp-json\/wp\/v2\/media?parent=2682"}],"wp:term":[{"taxonomy":"product_cat","embeddable":true,"href":"https:\/\/idealengros.com\/en\/wp-json\/wp\/v2\/product_cat?post=2682"},{"taxonomy":"product_tag","embeddable":true,"href":"https:\/\/idealengros.com\/en\/wp-json\/wp\/v2\/product_tag?post=2682"}],"curies":[{"name":"wp","href":"https:\/\/api.w.org\/{rel}","templated":true}]}}