{"id":2652,"date":"2025-02-07T09:47:39","date_gmt":"2025-02-07T14:47:39","guid":{"rendered":"https:\/\/idealengros.com\/?post_type=product&#038;p=2652"},"modified":"2025-02-10T14:45:58","modified_gmt":"2025-02-10T19:45:58","slug":"snack-bag-pergamin-pour-sous-marin","status":"publish","type":"product","link":"https:\/\/idealengros.com\/en\/nos-produits\/snack-bag-pergamin-pour-sous-marin\/","title":{"rendered":"Snack Bag PERGAMIN (pour sous-marin) 12 X 5 X 30 cm"},"content":{"rendered":null,"protected":false},"excerpt":{"rendered":"<p><strong>Visibilit\u00e9<\/strong><\/p>\n<p>Transparent mais pas compl\u00e8tement.<\/p>\n<p><strong>Pratique <\/strong><\/p>\n<p>Maintient votre collation de mani\u00e8re compacte afin que rien ne puisse s\u2019\u00e9garer lorsque vous la mangez<\/p>\n<p><strong>Perforation de d\u00e9chirure<br \/>\n<\/strong>Gr\u00e2ce \u00e0 une perforation de d\u00e9chirure, le sac peut \u00eatre ouvert de mani\u00e8re tr\u00e8s pratique<\/p>\n<p><strong>La fermeture autocollante <\/strong>rend la fermeture rapide, facile et variable<\/p>\n<p><strong>Impression durable <\/strong>avec des encres \u00e0 base d\u2019eau et sur du papier certifi\u00e9 PEFC<\/p>\n<p><strong>Le papier <\/strong>est enti\u00e8rement fabriqu\u00e9 \u00e0 partir de mati\u00e8res premi\u00e8res durables et renouvelables<\/p>","protected":false},"featured_media":2653,"template":"","meta":[],"product_cat":[196],"product_tag":[],"_links":{"self":[{"href":"https:\/\/idealengros.com\/en\/wp-json\/wp\/v2\/product\/2652"}],"collection":[{"href":"https:\/\/idealengros.com\/en\/wp-json\/wp\/v2\/product"}],"about":[{"href":"https:\/\/idealengros.com\/en\/wp-json\/wp\/v2\/types\/product"}],"wp:featuredmedia":[{"embeddable":true,"href":"https:\/\/idealengros.com\/en\/wp-json\/wp\/v2\/media\/2653"}],"wp:attachment":[{"href":"https:\/\/idealengros.com\/en\/wp-json\/wp\/v2\/media?parent=2652"}],"wp:term":[{"taxonomy":"product_cat","embeddable":true,"href":"https:\/\/idealengros.com\/en\/wp-json\/wp\/v2\/product_cat?post=2652"},{"taxonomy":"product_tag","embeddable":true,"href":"https:\/\/idealengros.com\/en\/wp-json\/wp\/v2\/product_tag?post=2652"}],"curies":[{"name":"wp","href":"https:\/\/api.w.org\/{rel}","templated":true}]}}