{"id":2647,"date":"2025-02-07T09:44:02","date_gmt":"2025-02-07T14:44:02","guid":{"rendered":"https:\/\/idealengros.com\/?post_type=product&#038;p=2647"},"modified":"2025-02-07T09:55:25","modified_gmt":"2025-02-07T14:55:25","slug":"snack-bag-pet-pour-sous-marin","status":"publish","type":"product","link":"https:\/\/idealengros.com\/en\/nos-produits\/snack-bag-pet-pour-sous-marin\/","title":{"rendered":"Snack Bag PET (pour sous-marin) 12 x 5 x 30 cm"},"content":{"rendered":null,"protected":false},"excerpt":{"rendered":"<p><strong>La visibilit\u00e9 <\/strong>: la fen\u00eatre panoramique pr\u00e9sente la fra\u00eecheur de votre collation.<\/p>\n<p><strong>Personnalisable <\/strong>avec l\u2019autocollant, divers en-cas, des petits pains aux baguettes, peuvent \u00eatre emball\u00e9s de mani\u00e8re variable et pr\u00e9cise.<\/p>\n<p><strong>La fermeture autocollante permet une <\/strong>fermeture rapide, facile et variable<\/p>\n<p><strong>Perforation de d\u00e9chirure <\/strong>facile \u00e0 ouvrir<\/p>","protected":false},"featured_media":2648,"template":"","meta":[],"product_cat":[196],"product_tag":[],"_links":{"self":[{"href":"https:\/\/idealengros.com\/en\/wp-json\/wp\/v2\/product\/2647"}],"collection":[{"href":"https:\/\/idealengros.com\/en\/wp-json\/wp\/v2\/product"}],"about":[{"href":"https:\/\/idealengros.com\/en\/wp-json\/wp\/v2\/types\/product"}],"wp:featuredmedia":[{"embeddable":true,"href":"https:\/\/idealengros.com\/en\/wp-json\/wp\/v2\/media\/2648"}],"wp:attachment":[{"href":"https:\/\/idealengros.com\/en\/wp-json\/wp\/v2\/media?parent=2647"}],"wp:term":[{"taxonomy":"product_cat","embeddable":true,"href":"https:\/\/idealengros.com\/en\/wp-json\/wp\/v2\/product_cat?post=2647"},{"taxonomy":"product_tag","embeddable":true,"href":"https:\/\/idealengros.com\/en\/wp-json\/wp\/v2\/product_tag?post=2647"}],"curies":[{"name":"wp","href":"https:\/\/api.w.org\/{rel}","templated":true}]}}