{"id":2645,"date":"2025-02-07T09:16:45","date_gmt":"2025-02-07T14:16:45","guid":{"rendered":"https:\/\/idealengros.com\/?post_type=product&#038;p=2645"},"modified":"2025-02-10T14:22:27","modified_gmt":"2025-02-10T19:22:27","slug":"loc-bag-medium-17-x-245-cm","status":"publish","type":"product","link":"https:\/\/idealengros.com\/en\/nos-produits\/loc-bag-medium-17-x-245-cm\/","title":{"rendered":"Loc Bag M\u00e9dium (17 x 24,5 cm)"},"content":{"rendered":"<div class=\"col-12 col-lg-6 p-0 my-4 my-lg-0 order-1 order-lg-0\">\n<div class=\"column_content_wrapper d-flex justify-content-center align-items-center\">\n<div class=\"column_content\">\n<p>&nbsp;<\/p>\n<p>&nbsp;<\/p>\n<div class=\"ecj-btn_include btn p-0\">\n<div class=\"ecj-btn-flex d-flex\">\n<div class=\"text-start\"><\/div>\n<div><\/div>\n<div class=\"ecj-btn-arrow\"><\/div>\n<\/div>\n<div class=\"ecj-btn-line\"><\/div>\n<\/div>\n<\/div>\n<\/div>\n<\/div>\n<div class=\"col-12 col-lg-6 order-0 order-lg-1\"><\/div>","protected":false},"excerpt":{"rendered":"<p>Avec le loc Bag, conservez la fra\u00eecheur de vos produits et pr\u00e9sentez-les de mani\u00e8re attrayante!<\/p>\n<p><strong>Combinaison\u00a0<\/strong>de mat\u00e9riaux entre le papier et le<strong>\u00a0<\/strong>film PET.<\/p>\n<p><strong>La grande fen\u00eatre de visualisation\u00a0<\/strong>pr\u00e9sente la fra\u00eecheur de votre collation.<\/p>\n<p><strong>\u00c0 emporter ,<\/strong>id\u00e9al pour manger sur le pouce \u2013 sans d\u00e9versement !<\/p>\n<p><strong>Emballage facile,\u00a0<\/strong>Ins\u00e9rez la collation \u2013 d\u00e9collez le papier de couverture \u2013 repliez le rabat \u2013 c\u2019est fait\u00a0!<\/p>\n<p><strong>Perforation\u00a0<\/strong><strong>tr\u00e8s\u00a0<\/strong>facile \u00e0 ouvrir \u2013 il suffit de la d\u00e9chirer et de la d\u00e9guster sans d\u00e9versement !<\/p>\n<p><strong>Refermable<\/strong>, la bande adh\u00e9sive permet de bien fermer le sac.<\/p>","protected":false},"featured_media":2646,"template":"","meta":[],"product_cat":[196],"product_tag":[],"_links":{"self":[{"href":"https:\/\/idealengros.com\/en\/wp-json\/wp\/v2\/product\/2645"}],"collection":[{"href":"https:\/\/idealengros.com\/en\/wp-json\/wp\/v2\/product"}],"about":[{"href":"https:\/\/idealengros.com\/en\/wp-json\/wp\/v2\/types\/product"}],"wp:featuredmedia":[{"embeddable":true,"href":"https:\/\/idealengros.com\/en\/wp-json\/wp\/v2\/media\/2646"}],"wp:attachment":[{"href":"https:\/\/idealengros.com\/en\/wp-json\/wp\/v2\/media?parent=2645"}],"wp:term":[{"taxonomy":"product_cat","embeddable":true,"href":"https:\/\/idealengros.com\/en\/wp-json\/wp\/v2\/product_cat?post=2645"},{"taxonomy":"product_tag","embeddable":true,"href":"https:\/\/idealengros.com\/en\/wp-json\/wp\/v2\/product_tag?post=2645"}],"curies":[{"name":"wp","href":"https:\/\/api.w.org\/{rel}","templated":true}]}}