{"id":2636,"date":"2025-02-07T08:32:49","date_gmt":"2025-02-07T13:32:49","guid":{"rendered":"https:\/\/idealengros.com\/?post_type=product&#038;p=2636"},"modified":"2025-02-10T14:37:04","modified_gmt":"2025-02-10T19:37:04","slug":"snack-bag-pure-disponible-en-plusieurs-formats-s-m-l-xl-xxl","status":"publish","type":"product","link":"https:\/\/idealengros.com\/en\/nos-produits\/snack-bag-pure-disponible-en-plusieurs-formats-s-m-l-xl-xxl\/","title":{"rendered":"Snack Bag Pure Disponible en plusieurs formats (S-M-L-XL-XXL)"},"content":{"rendered":null,"protected":false},"excerpt":{"rendered":"<p><strong>100% papier brun<\/strong><\/p>\n<p><strong>Facile \u00e0 emballer<br \/>\n<\/strong>Le sac sup\u00e9rieur vous permet d\u2019emballer facilement votre collation.<\/p>\n<p><strong>Respectueux des ressources et recyclable<br \/>\n<\/strong>Pas plus d\u2019emballage que n\u00e9cessaire &#8211; enti\u00e8rement recyclable gr\u00e2ce \u00e0 du papier 100% fabriqu\u00e9 \u00e0 partir de ressources renouvelables.<\/p>","protected":false},"featured_media":2637,"template":"","meta":[],"product_cat":[196],"product_tag":[],"_links":{"self":[{"href":"https:\/\/idealengros.com\/en\/wp-json\/wp\/v2\/product\/2636"}],"collection":[{"href":"https:\/\/idealengros.com\/en\/wp-json\/wp\/v2\/product"}],"about":[{"href":"https:\/\/idealengros.com\/en\/wp-json\/wp\/v2\/types\/product"}],"wp:featuredmedia":[{"embeddable":true,"href":"https:\/\/idealengros.com\/en\/wp-json\/wp\/v2\/media\/2637"}],"wp:attachment":[{"href":"https:\/\/idealengros.com\/en\/wp-json\/wp\/v2\/media?parent=2636"}],"wp:term":[{"taxonomy":"product_cat","embeddable":true,"href":"https:\/\/idealengros.com\/en\/wp-json\/wp\/v2\/product_cat?post=2636"},{"taxonomy":"product_tag","embeddable":true,"href":"https:\/\/idealengros.com\/en\/wp-json\/wp\/v2\/product_tag?post=2636"}],"curies":[{"name":"wp","href":"https:\/\/api.w.org\/{rel}","templated":true}]}}