{"id":2634,"date":"2025-02-07T08:26:58","date_gmt":"2025-02-07T13:26:58","guid":{"rendered":"https:\/\/idealengros.com\/?post_type=product&#038;p=2634"},"modified":"2025-02-07T08:28:01","modified_gmt":"2025-02-07T13:28:01","slug":"snack-bag-thermo","status":"publish","type":"product","link":"https:\/\/idealengros.com\/en\/nos-produits\/snack-bag-thermo\/","title":{"rendered":"Snack Bag THERMO Plusieurs formats disponibles (S-M-L-XL-XXL)"},"content":{"rendered":null,"protected":false},"excerpt":{"rendered":"<p>Snack Bag Thermo<\/p>\n<p>Effet thermique<\/p>\n<p>Vos clients l\u2019aiment chaud ? Alors notre sac \u00e0 collation Thermo est fait pour vous et pour tous ceux qui veulent profiter de votre collation chaude encore chaude. Gr\u00e2ce \u00e0 l\u2019\u00e9quipement \u00e0 double couche avec du papier sulfuris\u00e9, votre collation reste chaude, croustillante et d\u00e9licieuse !<\/p>\n<p>Disponible en plusieurs formats (S-M-L-XL-XXL)<\/p>","protected":false},"featured_media":2635,"template":"","meta":[],"product_cat":[196],"product_tag":[],"_links":{"self":[{"href":"https:\/\/idealengros.com\/en\/wp-json\/wp\/v2\/product\/2634"}],"collection":[{"href":"https:\/\/idealengros.com\/en\/wp-json\/wp\/v2\/product"}],"about":[{"href":"https:\/\/idealengros.com\/en\/wp-json\/wp\/v2\/types\/product"}],"wp:featuredmedia":[{"embeddable":true,"href":"https:\/\/idealengros.com\/en\/wp-json\/wp\/v2\/media\/2635"}],"wp:attachment":[{"href":"https:\/\/idealengros.com\/en\/wp-json\/wp\/v2\/media?parent=2634"}],"wp:term":[{"taxonomy":"product_cat","embeddable":true,"href":"https:\/\/idealengros.com\/en\/wp-json\/wp\/v2\/product_cat?post=2634"},{"taxonomy":"product_tag","embeddable":true,"href":"https:\/\/idealengros.com\/en\/wp-json\/wp\/v2\/product_tag?post=2634"}],"curies":[{"name":"wp","href":"https:\/\/api.w.org\/{rel}","templated":true}]}}