{"id":2626,"date":"2025-02-07T08:05:59","date_gmt":"2025-02-07T13:05:59","guid":{"rendered":"https:\/\/idealengros.com\/?post_type=product&#038;p=2626"},"modified":"2025-02-10T14:35:24","modified_gmt":"2025-02-10T19:35:24","slug":"snack-bag-fifty-fifty-pergamin-plusieurs-formats-disponibles","status":"publish","type":"product","link":"https:\/\/idealengros.com\/en\/nos-produits\/snack-bag-fifty-fifty-pergamin-plusieurs-formats-disponibles\/","title":{"rendered":"Snack Bag moiti\u00e9-moiti\u00e9 PERGAMIN (Plusieurs formats disponibles)"},"content":{"rendered":null,"protected":false},"excerpt":{"rendered":"<p>Le Snack Bag n\u2019est pas un simple emballage de snack bag ou de sandwich. La fermeture autocollante permet une fermeture rapide et facile et le Snack Bag est tr\u00e8s facile \u00e0 ouvrir pour le client gr\u00e2ce \u00e0 la perforation de d\u00e9chirure. De plus, le Snack Bag maintient la collation de mani\u00e8re compacte afin que rien ne puisse s\u2019\u00e9garer lors de la consommation.<\/p>\n<p><strong>Transparent<\/strong> mais pas compl\u00e8tement!<\/p>\n<p>100% recyclable<\/p>","protected":false},"featured_media":2627,"template":"","meta":[],"product_cat":[196],"product_tag":[],"_links":{"self":[{"href":"https:\/\/idealengros.com\/en\/wp-json\/wp\/v2\/product\/2626"}],"collection":[{"href":"https:\/\/idealengros.com\/en\/wp-json\/wp\/v2\/product"}],"about":[{"href":"https:\/\/idealengros.com\/en\/wp-json\/wp\/v2\/types\/product"}],"wp:featuredmedia":[{"embeddable":true,"href":"https:\/\/idealengros.com\/en\/wp-json\/wp\/v2\/media\/2627"}],"wp:attachment":[{"href":"https:\/\/idealengros.com\/en\/wp-json\/wp\/v2\/media?parent=2626"}],"wp:term":[{"taxonomy":"product_cat","embeddable":true,"href":"https:\/\/idealengros.com\/en\/wp-json\/wp\/v2\/product_cat?post=2626"},{"taxonomy":"product_tag","embeddable":true,"href":"https:\/\/idealengros.com\/en\/wp-json\/wp\/v2\/product_tag?post=2626"}],"curies":[{"name":"wp","href":"https:\/\/api.w.org\/{rel}","templated":true}]}}