{"id":2614,"date":"2025-02-03T09:09:03","date_gmt":"2025-02-03T14:09:03","guid":{"rendered":"https:\/\/idealengros.com\/?post_type=product&#038;p=2614"},"modified":"2025-02-10T14:31:09","modified_gmt":"2025-02-10T19:31:09","slug":"snack-bag-fifty-fifty-pet-plusieurs-formats-disponibles-s-m-l-xl-xxl","status":"publish","type":"product","link":"https:\/\/idealengros.com\/en\/nos-produits\/snack-bag-fifty-fifty-pet-plusieurs-formats-disponibles-s-m-l-xl-xxl\/","title":{"rendered":"Snack Bag moiti\u00e9-moiti\u00e9 PET- Plusieurs formats disponibles (S-M-L-XL-XXL)"},"content":{"rendered":null,"protected":false},"excerpt":{"rendered":"<p>Gr\u00e2ce \u00e0 nos emballages de snacking diff\u00e9rents et durables, votre client peut facilement profiter de votre produit \u00e0 tout moment et n\u2019importe o\u00f9.<\/p>\n<p><strong>Transparence <\/strong>pour une meilleure visibilit\u00e9 du produit!<strong><br \/>\n<\/strong><\/p>\n<p>100% recyclable<\/p>","protected":false},"featured_media":2615,"template":"","meta":[],"product_cat":[196],"product_tag":[],"_links":{"self":[{"href":"https:\/\/idealengros.com\/en\/wp-json\/wp\/v2\/product\/2614"}],"collection":[{"href":"https:\/\/idealengros.com\/en\/wp-json\/wp\/v2\/product"}],"about":[{"href":"https:\/\/idealengros.com\/en\/wp-json\/wp\/v2\/types\/product"}],"wp:featuredmedia":[{"embeddable":true,"href":"https:\/\/idealengros.com\/en\/wp-json\/wp\/v2\/media\/2615"}],"wp:attachment":[{"href":"https:\/\/idealengros.com\/en\/wp-json\/wp\/v2\/media?parent=2614"}],"wp:term":[{"taxonomy":"product_cat","embeddable":true,"href":"https:\/\/idealengros.com\/en\/wp-json\/wp\/v2\/product_cat?post=2614"},{"taxonomy":"product_tag","embeddable":true,"href":"https:\/\/idealengros.com\/en\/wp-json\/wp\/v2\/product_tag?post=2614"}],"curies":[{"name":"wp","href":"https:\/\/api.w.org\/{rel}","templated":true}]}}