{"id":2604,"date":"2025-01-22T10:05:51","date_gmt":"2025-01-22T15:05:51","guid":{"rendered":"https:\/\/idealengros.com\/?post_type=product&#038;p=2604"},"modified":"2025-01-22T10:13:07","modified_gmt":"2025-01-22T15:13:07","slug":"boite-a-repas-chaud-avec-cabaret-integre-a-personnaliser","status":"publish","type":"product","link":"https:\/\/idealengros.com\/en\/nos-produits\/boite-a-repas-chaud-avec-cabaret-integre-a-personnaliser\/","title":{"rendered":"Bo\u00eete \u00e0 repas chaud avec cabaret int\u00e9gr\u00e9 (\u00e0 personnaliser)"},"content":{"rendered":null,"protected":false},"excerpt":{"rendered":"<p>Notre bo\u00eete \u00e0 repas chaud \u00e0 emporter avec cabaret est con\u00e7ue pour r\u00e9pondre aux besoins des professionnels de la restauration rapide et des traiteurs.<\/p>\n<p>Offrez \u00e0 vos clients une exp\u00e9rience pratique et agr\u00e9able, que ce soit pour emporter ou consommer sur le pouce.<\/p>\n<p>Optez pour des bo\u00eetes sur mesure, personnalis\u00e9es avec votre logo, pour vous d\u00e9marquer et fid\u00e9liser vos clients.<\/p>\n<p>D\u00e9couvrez toutes les options disponibles pour r\u00e9pondre \u00e0 vos besoins.<\/p>","protected":false},"featured_media":2605,"template":"","meta":[],"product_cat":[15],"product_tag":[],"_links":{"self":[{"href":"https:\/\/idealengros.com\/en\/wp-json\/wp\/v2\/product\/2604"}],"collection":[{"href":"https:\/\/idealengros.com\/en\/wp-json\/wp\/v2\/product"}],"about":[{"href":"https:\/\/idealengros.com\/en\/wp-json\/wp\/v2\/types\/product"}],"wp:featuredmedia":[{"embeddable":true,"href":"https:\/\/idealengros.com\/en\/wp-json\/wp\/v2\/media\/2605"}],"wp:attachment":[{"href":"https:\/\/idealengros.com\/en\/wp-json\/wp\/v2\/media?parent=2604"}],"wp:term":[{"taxonomy":"product_cat","embeddable":true,"href":"https:\/\/idealengros.com\/en\/wp-json\/wp\/v2\/product_cat?post=2604"},{"taxonomy":"product_tag","embeddable":true,"href":"https:\/\/idealengros.com\/en\/wp-json\/wp\/v2\/product_tag?post=2604"}],"curies":[{"name":"wp","href":"https:\/\/api.w.org\/{rel}","templated":true}]}}