{"id":2600,"date":"2025-01-22T09:58:20","date_gmt":"2025-01-22T14:58:20","guid":{"rendered":"https:\/\/idealengros.com\/?post_type=product&#038;p=2600"},"modified":"2025-01-22T10:12:19","modified_gmt":"2025-01-22T15:12:19","slug":"boite-a-pizza-personnalisable-plusieurs-formats-disponibles","status":"publish","type":"product","link":"https:\/\/idealengros.com\/en\/nos-produits\/boite-a-pizza-personnalisable-plusieurs-formats-disponibles\/","title":{"rendered":"Bo\u00eete \u00e0 pizza personnalisable (plusieurs formats disponibles)"},"content":{"rendered":null,"protected":false},"excerpt":{"rendered":"<p>Disponibles en diff\u00e9rentes tailles pour s&#8217;adapter \u00e0 vos besoins.<\/p>\n<p>Donnez \u00e0 vos emballages une touche unique et professionnelle qui s\u00e9duira vos clients d\u00e8s le premier coup d&#8217;\u0153il.<\/p>\n<p>Pour d\u00e9couvrir toutes les possibilit\u00e9s de personnalisation, contactez-nous d\u00e8s maintenant.<\/p>","protected":false},"featured_media":2601,"template":"","meta":[],"product_cat":[15],"product_tag":[],"_links":{"self":[{"href":"https:\/\/idealengros.com\/en\/wp-json\/wp\/v2\/product\/2600"}],"collection":[{"href":"https:\/\/idealengros.com\/en\/wp-json\/wp\/v2\/product"}],"about":[{"href":"https:\/\/idealengros.com\/en\/wp-json\/wp\/v2\/types\/product"}],"wp:featuredmedia":[{"embeddable":true,"href":"https:\/\/idealengros.com\/en\/wp-json\/wp\/v2\/media\/2601"}],"wp:attachment":[{"href":"https:\/\/idealengros.com\/en\/wp-json\/wp\/v2\/media?parent=2600"}],"wp:term":[{"taxonomy":"product_cat","embeddable":true,"href":"https:\/\/idealengros.com\/en\/wp-json\/wp\/v2\/product_cat?post=2600"},{"taxonomy":"product_tag","embeddable":true,"href":"https:\/\/idealengros.com\/en\/wp-json\/wp\/v2\/product_tag?post=2600"}],"curies":[{"name":"wp","href":"https:\/\/api.w.org\/{rel}","templated":true}]}}