{"id":2597,"date":"2025-01-22T09:53:45","date_gmt":"2025-01-22T14:53:45","guid":{"rendered":"https:\/\/idealengros.com\/?post_type=product&#038;p=2597"},"modified":"2025-01-22T10:11:09","modified_gmt":"2025-01-22T15:11:09","slug":"boite-individuelle-pour-pointe-de-pizza","status":"publish","type":"product","link":"https:\/\/idealengros.com\/en\/nos-produits\/boite-individuelle-pour-pointe-de-pizza\/","title":{"rendered":"Bo\u00eete individuelle pour pointe de pizza"},"content":{"rendered":null,"protected":false},"excerpt":{"rendered":"<p>Ces bo\u00eetes sont con\u00e7ues pour contenir une seule pointe de pizza, utilis\u00e9es pour les ventes \u00e0 emporter.<\/p>\n<p>Nous offrons des options de personnalisation pour adapter les bo\u00eetes aux couleurs et \u00e0 l&#8217;identit\u00e9 visuelle de votre entreprise.<\/p>\n<p>N&#8217;h\u00e9sitez pas \u00e0 vous renseigner sur les diff\u00e9rentes options disponibles.<\/p>","protected":false},"featured_media":2598,"template":"","meta":[],"product_cat":[15],"product_tag":[],"_links":{"self":[{"href":"https:\/\/idealengros.com\/en\/wp-json\/wp\/v2\/product\/2597"}],"collection":[{"href":"https:\/\/idealengros.com\/en\/wp-json\/wp\/v2\/product"}],"about":[{"href":"https:\/\/idealengros.com\/en\/wp-json\/wp\/v2\/types\/product"}],"wp:featuredmedia":[{"embeddable":true,"href":"https:\/\/idealengros.com\/en\/wp-json\/wp\/v2\/media\/2598"}],"wp:attachment":[{"href":"https:\/\/idealengros.com\/en\/wp-json\/wp\/v2\/media?parent=2597"}],"wp:term":[{"taxonomy":"product_cat","embeddable":true,"href":"https:\/\/idealengros.com\/en\/wp-json\/wp\/v2\/product_cat?post=2597"},{"taxonomy":"product_tag","embeddable":true,"href":"https:\/\/idealengros.com\/en\/wp-json\/wp\/v2\/product_tag?post=2597"}],"curies":[{"name":"wp","href":"https:\/\/api.w.org\/{rel}","templated":true}]}}