{"id":2181,"date":"2023-10-16T10:37:36","date_gmt":"2023-10-16T14:37:36","guid":{"rendered":"https:\/\/idealengros.com\/?post_type=product&#038;p=2181"},"modified":"2024-08-06T14:06:04","modified_gmt":"2024-08-06T18:06:04","slug":"7670-boite-patisserie-eco-serie-7-tunnel-70-7-x-7-x-4-carton-brun-2-fen-pp-logo-2-coul-noir-bleu-200-cs-30cs-pal","status":"publish","type":"product","link":"https:\/\/idealengros.com\/en\/nos-produits\/7670-boite-patisserie-eco-serie-7-tunnel-70-7-x-7-x-4-carton-brun-2-fen-pp-logo-2-coul-noir-bleu-200-cs-30cs-pal\/","title":{"rendered":"#7670-1-Boite P\u00e2tisserie \u00c9co S\u00e9rie 7 tunnel #70, 7 x 7 x 4  carton brun, 2 fen. pp, logo  2 coul. noir -bleu (200 \/cs) (30cs\/pal)"},"content":{"rendered":null,"protected":false},"excerpt":{"rendered":"<p>Eco Series 7 Tunnel Pastry Box #70, 7 x 7 x 4 brown cardboard, 2 pp windows, 2-color logo black-blue (200 per case) (30 cases per pallet)<\/p>","protected":false},"featured_media":2343,"template":"","meta":[],"product_cat":[189],"product_tag":[],"_links":{"self":[{"href":"https:\/\/idealengros.com\/en\/wp-json\/wp\/v2\/product\/2181"}],"collection":[{"href":"https:\/\/idealengros.com\/en\/wp-json\/wp\/v2\/product"}],"about":[{"href":"https:\/\/idealengros.com\/en\/wp-json\/wp\/v2\/types\/product"}],"wp:featuredmedia":[{"embeddable":true,"href":"https:\/\/idealengros.com\/en\/wp-json\/wp\/v2\/media\/2343"}],"wp:attachment":[{"href":"https:\/\/idealengros.com\/en\/wp-json\/wp\/v2\/media?parent=2181"}],"wp:term":[{"taxonomy":"product_cat","embeddable":true,"href":"https:\/\/idealengros.com\/en\/wp-json\/wp\/v2\/product_cat?post=2181"},{"taxonomy":"product_tag","embeddable":true,"href":"https:\/\/idealengros.com\/en\/wp-json\/wp\/v2\/product_tag?post=2181"}],"curies":[{"name":"wp","href":"https:\/\/api.w.org\/{rel}","templated":true}]}}