{"id":1359,"date":"2023-06-27T09:28:09","date_gmt":"2023-06-27T13:28:09","guid":{"rendered":"https:\/\/equipementslavagecapitale.com\/?page_id=1359"},"modified":"2023-11-14T16:01:55","modified_gmt":"2023-11-14T21:01:55","slug":"apropos","status":"publish","type":"page","link":"https:\/\/idealengros.com\/en\/apropos\/","title":{"rendered":"About"},"content":{"rendered":"<section class=\"wpb-content-wrapper\"><div data-vc-full-width=\"true\" data-vc-full-width-init=\"false\" data-vc-stretch-content=\"true\" class=\"vc_row wpb_row vc_row-fluid vc_custom_1698328183409 vc_row-o-content-middle vc_row-flex wpex-vc_row-has-fill wpex-vc-row-stretched bg-fixed wpex-has-overlay wpex-relative\" style=\"min-height:800px;background-position:background-position: bottom; !important;\"><div class=\"wpex-bg-overlay-wrap wpex-absolute wpex-inset-0 wpex-rounded-inherit\"><span class=\"wpex-bg-overlay dark wpex-absolute wpex-inset-0 wpex-rounded-inherit wpex-opacity-60 wpex-bg-black\" style=\"opacity:40%;\"><\/span><\/div><div class=\"wpb_column vc_column_container vc_col-sm-12\"><div class=\"vc_column-inner\"><div class=\"wpb_wrapper\"><div class=\"vcex-spacing wpex-w-100 wpex-clear\" style=\"height:clamp(60px, 5vmax, 100px);\"><\/div><style>.vcex-heading.vcex_69f13b544de79{width:800px;color:#ffffff;font-size:clamp(40px, 5vmax, 60px);}<\/style><h1 class=\"vcex-heading vcex-heading-plain vcex-module wpex-text-2xl wpex-font-normal wpex-m-auto wpex-max-w-100 wpex-block wpex-text-center aligncenter vcex_69f13b544de79\"><span class=\"vcex-heading-inner wpex-inline-block\">About Our Team<\/span><\/h1><style>.vcex-heading.vcex_69f13b544eef7{width:800px;color:#ffffff;}<\/style><h2 class=\"vcex-heading vcex-heading-plain vcex-module wpex-text-2xl wpex-font-normal wpex-m-auto wpex-max-w-100 wpex-block wpex-text-center aligncenter vcex_69f13b544eef7\"><a href=\"https:\/\/idealengros.com\/en\/nos-produits\/\" class=\"wpex-no-underline wpex-inherit-color\" target=\"_self\"><span class=\"vcex-heading-inner wpex-inline-block\">Packaging Wholesaler<\/span><\/a><\/h2><div class=\"vcex-spacing wpex-w-100 wpex-clear\" style=\"height:15px;\"><\/div>\n\t<div style=\"color:#ffffff;font-size:1.2em;text-align:center;width:500px;\" class=\"wpb_text_column has-custom-color wpex-child-inherit-color wpex-max-w-100 wpex-mx-auto wpb_content_element\" >\n\t\t<div class=\"wpb_wrapper\">\n\t\t\t<p>We have been working to get you the best eco-friendly packaging for over 5 years now!<\/p>\n\n\t\t<\/div>\n\t<\/div>\n<div class=\"vcex-spacing wpex-w-100 wpex-clear\" style=\"height:35px;\"><\/div><style>.vcex-multi-buttons.vcex_69f13b544fcda{gap:15px;}.vcex-multi-buttons.vcex_69f13b544fcda .theme-button,.vcex-multi-buttons.vcex_69f13b544fcda .theme-txt-link{border-radius:var(--wpex-rounded-full);border-width:2px;}<\/style><div class=\"vcex-multi-buttons wpex-flex wpex-flex-wrap wpex-items-center wpex-gap-10 wpex-justify-center vcex_69f13b544fcda\"><a href=\"#contact\" class=\"theme-button flat outline-transparent wpex-text-center vcex-count-1\">Contact Us<\/a><\/div><div class=\"vcex-spacing wpex-w-100 wpex-clear\" style=\"height:clamp(60px, 5vmax, 100px);\"><\/div><\/div><\/div><\/div><\/div><div class=\"vc_row-full-width vc_clearfix\"><\/div><div class=\"vc_row wpb_row vc_row-fluid\"><div class=\"wpb_column vc_column_container vc_col-sm-12\"><div class=\"vc_column-inner\"><div class=\"wpb_wrapper\"><div class=\"vcex-spacing wpex-w-100 wpex-clear\" style=\"height:40px;\"><\/div><\/div><\/div><\/div><\/div><div class=\"vc_row wpb_row vc_row-fluid\"><div class=\"wpb_column vc_column_container vc_col-sm-12\"><div class=\"vc_column-inner\"><div class=\"wpb_wrapper\"><style>.vcex-heading.vcex_69f13b54516d2{width:800px;color:#000000;font-size:var(--wpex-text-4xl);}<\/style><h2 class=\"vcex-heading vcex-heading-plain vcex-module wpex-text-2xl wpex-font-normal wpex-m-auto wpex-max-w-100 wpex-block wpex-text-center aligncenter vcex_69f13b54516d2\"><span class=\"vcex-heading-inner wpex-inline-block\">We are here to assist you with your custom packaging needs<\/span><\/h2><\/div><\/div><\/div><\/div><div class=\"vc_row wpb_row vc_row-fluid\"><div class=\"wpb_column vc_column_container vc_col-sm-12\"><div class=\"vc_column-inner\"><div class=\"wpb_wrapper\"><div class=\"vcex-spacing wpex-w-100 wpex-clear\" style=\"height:10px;\"><\/div><\/div><\/div><\/div><\/div><div class=\"vc_row wpb_row vc_row-fluid\"><div class=\"wpb_column vc_column_container vc_col-sm-4\"><div class=\"vc_column-inner\"><div class=\"wpb_wrapper\"><div class=\"vcex-module vcex-icon-box vcex-icon-box-one wpex-flex wpex-text-left\"><div class=\"vcex-icon-box-symbol wpex-flex-shrink-0 wpex-mr-20\"><div class=\"vcex-icon-box-icon wpex-inline-flex wpex-items-center wpex-justify-center wpex-child-inherit-color wpex-text-center wpex-leading-none wpex-text-1\"><span class=\"ticon ticon-search\" aria-hidden=\"true\"><\/span><\/div><\/div><div class=\"vcex-icon-box-text wpex-flex-grow\"><h2 class=\"vcex-icon-box-heading wpex-heading wpex-text-md wpex-mb-10\">Efficiency<\/h2><div class=\"vcex-icon-box-content wpex-last-mb-0 wpex-clr\"><p>Our efficiency is the driving force that allows us to respond quickly and accurately to your aluminum and cardboard packaging needs. Thanks to our agile approach and expertise, we ensure that each product is designed, manufactured, and delivered with unparalleled efficiency, thus guaranteeing your satisfaction at every step of the process.<\/p>\n<\/div><\/div><\/div><\/div><\/div><\/div><div class=\"wpb_column vc_column_container vc_col-sm-4\"><div class=\"vc_column-inner\"><div class=\"wpb_wrapper\"><div class=\"vcex-module vcex-icon-box vcex-icon-box-one wpex-flex wpex-text-left\"><div class=\"vcex-icon-box-symbol wpex-flex-shrink-0 wpex-mr-20\"><div class=\"vcex-icon-box-icon wpex-inline-flex wpex-items-center wpex-justify-center wpex-child-inherit-color wpex-text-center wpex-leading-none wpex-text-1\"><span class=\"ticon ticon-signal\" aria-hidden=\"true\"><\/span><\/div><\/div><div class=\"vcex-icon-box-text wpex-flex-grow\"><h2 class=\"vcex-icon-box-heading wpex-heading wpex-text-md wpex-mb-10\">Helpfulness<\/h2><div class=\"vcex-icon-box-content wpex-last-mb-0 wpex-clr\"><p>We strive to make our customers\u2019 life easier by offering aluminum and cardboard packaging solutions that combine practicality and functionality. Our customized products are designed to facilitate your daily operations, whether for storage, transportation, or presentation of your products, while contributing to your commitment to eco-responsibility.<\/p>\n<\/div><\/div><\/div><\/div><\/div><\/div><div class=\"wpb_column vc_column_container vc_col-sm-4\"><div class=\"vc_column-inner\"><div class=\"wpb_wrapper\"><div class=\"vcex-module vcex-icon-box vcex-icon-box-one wpex-flex wpex-text-left\"><div class=\"vcex-icon-box-symbol wpex-flex-shrink-0 wpex-mr-20\"><div class=\"vcex-icon-box-icon wpex-inline-flex wpex-items-center wpex-justify-center wpex-child-inherit-color wpex-text-center wpex-leading-none wpex-text-1\"><span class=\"ticon ticon-smile-o\" aria-hidden=\"true\"><\/span><\/div><\/div><div class=\"vcex-icon-box-text wpex-flex-grow\"><h2 class=\"vcex-icon-box-heading wpex-heading wpex-text-md wpex-mb-10\">Authenticity<\/h2><div class=\"vcex-icon-box-content wpex-last-mb-0 wpex-clr\"><p>Authenticity guides every action we undertake. We adopt a sincere approach with our clients and we ensure transparency towards our products.<\/p>\n<\/div><\/div><\/div><\/div><\/div><\/div><\/div><div class=\"vc_row wpb_row vc_row-fluid\"><div class=\"wpb_column vc_column_container vc_col-sm-12\"><div class=\"vc_column-inner\"><div class=\"wpb_wrapper\"><div class=\"vcex-spacing wpex-w-100 wpex-clear\" style=\"height:40px;\"><\/div><\/div><\/div><\/div><\/div><div class=\"vc_row wpb_row vc_row-fluid vc_row-o-content-middle vc_row-flex\"><div class=\"wpb_column vc_column_container vc_col-sm-6\"><div class=\"vc_column-inner\"><div class=\"wpb_wrapper\"><figure class=\"vcex-image vcex-module\"><div class=\"vcex-image-inner wpex-relative wpex-inline-block\"><img width=\"2016\" height=\"1492\" src=\"https:\/\/idealengros.com\/wp-content\/uploads\/2023\/10\/trophe.jpg\" class=\"vcex-image-img wpex-align-middle\" alt=\"Soci\u00e9t\u00e9 d\u2019emballage alimentaire troph\u00e9\" decoding=\"async\" loading=\"lazy\" srcset=\"https:\/\/idealengros.com\/wp-content\/uploads\/2023\/10\/trophe.jpg 2016w, https:\/\/idealengros.com\/wp-content\/uploads\/2023\/10\/trophe-300x222.jpg 300w, https:\/\/idealengros.com\/wp-content\/uploads\/2023\/10\/trophe-1024x758.jpg 1024w, https:\/\/idealengros.com\/wp-content\/uploads\/2023\/10\/trophe-768x568.jpg 768w, https:\/\/idealengros.com\/wp-content\/uploads\/2023\/10\/trophe-1536x1137.jpg 1536w, https:\/\/idealengros.com\/wp-content\/uploads\/2023\/10\/trophe-600x444.jpg 600w\" sizes=\"(max-width: 2016px) 100vw, 2016px\" \/><\/div><\/figure><\/div><\/div><\/div><div class=\"wpb_column vc_column_container vc_col-sm-6\"><div class=\"vc_column-inner\"><div class=\"wpb_wrapper\"><style>.vcex-heading.vcex_69f13b5454592{color:#000000;font-size:var(--wpex-text-4xl);}<\/style><h2 class=\"vcex-heading vcex-heading-plain vcex-module wpex-text-2xl wpex-font-normal wpex-m-auto wpex-max-w-100 wpex-block wpex-mb-20 wpex-text-center vcex_69f13b5454592\"><span class=\"vcex-heading-inner wpex-inline-block\">Commitment to sustainability and eco-friendly innovation<\/span><\/h2>\n\t<div style=\"color:#000000;font-size:1.07em;text-align:center;\" class=\"wpb_text_column has-custom-color wpex-child-inherit-color wpb_content_element\" >\n\t\t<div class=\"wpb_wrapper\">\n\t\t\t<p>Our commitment to sustainability and innovation is at the heart of everything we undertake. We believe in the power of innovation to create aluminum and cardboard packaging solutions that not only meet the needs of our customers but also contribute to the preservation of our environment. By offering eco-friendly materials and custom designs, we aim to provide products that combine quality, practicality, and environmental awareness, while encouraging a more sustainable future for generations to come.<\/p>\n\n\t\t<\/div>\n\t<\/div>\n<div class=\"vcex-spacing wpex-w-100 wpex-clear\" style=\"height:25px;\"><\/div><style>.vcex-multi-buttons.vcex_69f13b5454c1f{gap:15px;}.vcex-multi-buttons.vcex_69f13b5454c1f .theme-button,.vcex-multi-buttons.vcex_69f13b5454c1f .theme-txt-link{border-radius:var(--wpex-rounded-full);border-width:2px;}<\/style><div class=\"vcex-multi-buttons wpex-flex wpex-flex-wrap wpex-items-center wpex-gap-10 wpex-justify-center vcex_69f13b5454c1f\"><a href=\"#contact\" class=\"theme-button flat outline-transparent wpex-text-center vcex-count-1\">Contact Us<\/a><\/div><\/div><\/div><\/div><\/div><div class=\"vc_row wpb_row vc_row-fluid\"><div class=\"wpb_column vc_column_container vc_col-sm-12\"><div class=\"vc_column-inner\"><div class=\"wpb_wrapper\"><div class=\"vcex-spacing wpex-w-100 wpex-clear\" style=\"height:40px;\"><\/div><\/div><\/div><\/div><\/div><div class=\"vc_row wpb_row vc_row-fluid vc_rtl-columns-reverse vc_row-o-content-middle vc_row-flex\"><div class=\"wpb_column vc_column_container vc_col-sm-6\"><div class=\"vc_column-inner\"><div class=\"wpb_wrapper\"><style>.vcex-heading.vcex_69f13b5456076{color:#000000;font-size:var(--wpex-text-4xl);}<\/style><h2 class=\"vcex-heading vcex-heading-plain vcex-module wpex-text-2xl wpex-font-normal wpex-m-auto wpex-max-w-100 wpex-block wpex-mb-20 wpex-text-center vcex_69f13b5456076\"><span class=\"vcex-heading-inner wpex-inline-block\">Transforming packaging, preserving the planet one box at a time<\/span><\/h2>\n\t<div style=\"color:#000000;font-size:1.07em;text-align:center;\" class=\"wpb_text_column has-custom-color wpex-child-inherit-color wpb_content_element\" >\n\t\t<div class=\"wpb_wrapper\">\n\t\t\t<p>We aim to transform the packaging industry by offering aluminum and cardboard solutions that push the boundaries of sustainability and efficiency. We are committed to providing our clients with customized packaging that meets their specific needs while minimizing our ecological footprint. Through our innovative approach and constant environmental consciousness, we aspire to be a catalyst for positive change in our sector, demonstrating that it is possible to preserve the planet while delivering superior quality products. Every day, we work passionately to create a meaningful and lasting impact, in harmony with our planet.<\/p>\n\n\t\t<\/div>\n\t<\/div>\n<div class=\"vcex-spacing wpex-w-100 wpex-clear\" style=\"height:25px;\"><\/div><style>.vcex-multi-buttons.vcex_69f13b54566ea{gap:15px;}.vcex-multi-buttons.vcex_69f13b54566ea .theme-button,.vcex-multi-buttons.vcex_69f13b54566ea .theme-txt-link{border-radius:var(--wpex-rounded-full);border-width:2px;}<\/style><div class=\"vcex-multi-buttons wpex-flex wpex-flex-wrap wpex-items-center wpex-gap-10 wpex-justify-center vcex_69f13b54566ea\"><a href=\"#contact\" class=\"theme-button flat outline-transparent wpex-text-center vcex-count-1\">Contact Us<\/a><\/div><\/div><\/div><\/div><div class=\"wpb_column vc_column_container vc_col-sm-6\"><div class=\"vc_column-inner\"><div class=\"wpb_wrapper\"><figure class=\"vcex-image vcex-module\"><div class=\"vcex-image-inner wpex-relative wpex-inline-block\"><img width=\"1000\" height=\"667\" src=\"https:\/\/idealengros.com\/wp-content\/uploads\/2023\/08\/transformer-lemballage-et-preserver-la-planete.jpg\" class=\"vcex-image-img wpex-align-middle\" alt=\"Boite emballage alimentaire \u00e9coresponsable recyclable\" decoding=\"async\" loading=\"lazy\" srcset=\"https:\/\/idealengros.com\/wp-content\/uploads\/2023\/08\/transformer-lemballage-et-preserver-la-planete.jpg 1000w, https:\/\/idealengros.com\/wp-content\/uploads\/2023\/08\/transformer-lemballage-et-preserver-la-planete-300x200.jpg 300w, https:\/\/idealengros.com\/wp-content\/uploads\/2023\/08\/transformer-lemballage-et-preserver-la-planete-768x512.jpg 768w, https:\/\/idealengros.com\/wp-content\/uploads\/2023\/08\/transformer-lemballage-et-preserver-la-planete-600x400.jpg 600w\" sizes=\"(max-width: 1000px) 100vw, 1000px\" \/><\/div><\/figure><\/div><\/div><\/div><\/div><div class=\"vc_row wpb_row vc_row-fluid\"><div class=\"wpb_column vc_column_container vc_col-sm-12\"><div class=\"vc_column-inner\"><div class=\"wpb_wrapper\"><div class=\"vcex-spacing wpex-w-100 wpex-clear\" style=\"height:40px;\"><\/div><\/div><\/div><\/div><\/div><div class=\"vc_row wpb_row vc_row-fluid\"><div class=\"wpb_column vc_column_container vc_col-sm-12\"><div class=\"vc_column-inner\"><div class=\"wpb_wrapper\"><style>.vcex-heading.vcex_69f13b5459624{width:800px;color:#000000;font-size:var(--wpex-text-4xl);}<\/style><h2 class=\"vcex-heading vcex-heading-plain vcex-module wpex-text-2xl wpex-font-normal wpex-m-auto wpex-max-w-100 wpex-block wpex-text-center aligncenter vcex_69f13b5459624\"><span class=\"vcex-heading-inner wpex-inline-block\">A passionate food packaging company !<\/span><\/h2><div class=\"vcex-spacing wpex-w-100 wpex-clear\" style=\"height:20px;\"><\/div>\n\t<div style=\"text-align:center;width:60%;\" class=\"wpb_text_column wpex-max-w-100 wpex-mx-auto wpb_content_element\" >\n\t\t<div class=\"wpb_wrapper\">\n\t\t\t<p>We do everything in our power to answer your questions and provide the equipment you need quickly!<\/p>\n\n\t\t<\/div>\n\t<\/div>\n<\/div><\/div><\/div><\/div><div class=\"vc_row wpb_row vc_row-fluid\"><div class=\"wpb_column vc_column_container vc_col-sm-12\"><div class=\"vc_column-inner\"><div class=\"wpb_wrapper\">\n\t<div style=\"font-size:1.07em;text-align:center;\" class=\"wpb_text_column wpb_content_element\" >\n\t\t<div class=\"wpb_wrapper\">\n\t\t\t<h3 class=\"sow-headline\">Want to speak to us? Contact us using the form below!<\/h3>\n\n\t\t<\/div>\n\t<\/div>\n<\/div><\/div><\/div><\/div><div id=\"contact\" class=\"vc_row wpb_row vc_row-fluid vc-has-max-width vc-max-width-70\"><div class=\"wpb_column vc_column_container vc_col-sm-12\"><div class=\"vc_column-inner\"><div class=\"wpb_wrapper\"><style>.vcex-heading.vcex_69f13b545b6f0{color:#000000;font-size:var(--wpex-text-4xl);}<\/style><h2 class=\"vcex-heading vcex-heading-plain vcex-module wpex-text-2xl wpex-font-normal wpex-m-auto wpex-max-w-100 wpex-block wpex-mb-20 wpex-text-center vcex_69f13b545b6f0\"><span class=\"vcex-heading-inner wpex-inline-block\">Fill out our form<\/span><\/h2>\n<div class=\"wpcf7 no-js\" id=\"wpcf7-f1448-o1\" lang=\"fr-CA\" dir=\"ltr\">\n<div class=\"screen-reader-response\"><p role=\"status\" aria-live=\"polite\" aria-atomic=\"true\"><\/p> <ul><\/ul><\/div>\n<form action=\"\/en\/wp-json\/wp\/v2\/pages\/1359#wpcf7-f1448-o1\" method=\"post\" class=\"wpcf7-form init\" aria-label=\"Contact form\" novalidate=\"novalidate\" data-status=\"init\" data-trp-original-action=\"\/en\/wp-json\/wp\/v2\/pages\/1359#wpcf7-f1448-o1\">\n<div style=\"display: none;\">\n<input type=\"hidden\" name=\"_wpcf7\" value=\"1448\" \/>\n<input type=\"hidden\" name=\"_wpcf7_version\" value=\"5.7.7\" \/>\n<input type=\"hidden\" name=\"_wpcf7_locale\" value=\"fr_CA\" \/>\n<input type=\"hidden\" name=\"_wpcf7_unit_tag\" value=\"wpcf7-f1448-o1\" \/>\n<input type=\"hidden\" name=\"_wpcf7_container_post\" value=\"0\" \/>\n<input type=\"hidden\" name=\"_wpcf7_posted_data_hash\" value=\"\" \/>\n<\/div>\n<p><label> Name<br \/>\n<span class=\"wpcf7-form-control-wrap\" data-name=\"nom\"><input size=\"200\" class=\"wpcf7-form-control wpcf7-text wpcf7-validates-as-required\" autocomplete=\"nom\" aria-required=\"true\" aria-invalid=\"false\" value=\"\" type=\"text\" name=\"nom\" \/><\/span> <\/label>\n<\/p>\n<p><label> Email<br \/>\n<span class=\"wpcf7-form-control-wrap\" data-name=\"email\"><input size=\"200\" class=\"wpcf7-form-control wpcf7-text wpcf7-email wpcf7-validates-as-required wpcf7-validates-as-email\" autocomplete=\"email\" aria-required=\"true\" aria-invalid=\"false\" value=\"\" type=\"email\" name=\"email\" \/><\/span> <\/label>\n<\/p>\n<p><label> Phone<br \/>\n<span class=\"wpcf7-form-control-wrap\" data-name=\"telephone\"><input size=\"200\" class=\"wpcf7-form-control wpcf7-text wpcf7-tel wpcf7-validates-as-tel\" aria-invalid=\"false\" value=\"\" type=\"tel\" name=\"telephone\" \/><\/span> <\/label>\n<\/p>\n<p><label> Your Message<br \/>\n<span class=\"wpcf7-form-control-wrap\" data-name=\"message\"><textarea cols=\"40\" rows=\"10\" class=\"wpcf7-form-control wpcf7-textarea wpcf7-validates-as-required\" aria-required=\"true\" aria-invalid=\"false\" name=\"message\"><\/textarea><\/span> <\/label>\n<\/p>\n<p><input class=\"wpcf7-form-control has-spinner wpcf7-submit\" type=\"submit\" value=\"Submit\" \/>\n<\/p><div class=\"wpcf7-response-output\" aria-hidden=\"true\"><\/div>\n<input type=\"hidden\" name=\"trp-form-language\" value=\"en\"\/><\/form>\n<\/div>\n<\/div><\/div><\/div><\/div>\n<\/section>","protected":false},"excerpt":{"rendered":"\u00c0 propos de notre \u00e9quipeGrossiste d'emballages Nous travaillons \u00e0 vous obtenir les meilleurs emballages \u00e9coresponsables depuis maintenant plus de 5 ans!!! Nous joindreOn est l\u00e0 pour vous aider dans vos besoins en emballages personnalis\u00e9sEfficaceNotre efficacit\u00e9 est le moteur qui nous permet de r\u00e9pondre rapidement et pr\u00e9cis\u00e9ment \u00e0 vos besoins d&#8217;emballage en aluminium et en carton.&hellip;","protected":false},"author":3,"featured_media":0,"parent":0,"menu_order":0,"comment_status":"closed","ping_status":"closed","template":"","meta":[],"_links":{"self":[{"href":"https:\/\/idealengros.com\/en\/wp-json\/wp\/v2\/pages\/1359"}],"collection":[{"href":"https:\/\/idealengros.com\/en\/wp-json\/wp\/v2\/pages"}],"about":[{"href":"https:\/\/idealengros.com\/en\/wp-json\/wp\/v2\/types\/page"}],"author":[{"embeddable":true,"href":"https:\/\/idealengros.com\/en\/wp-json\/wp\/v2\/users\/3"}],"replies":[{"embeddable":true,"href":"https:\/\/idealengros.com\/en\/wp-json\/wp\/v2\/comments?post=1359"}],"version-history":[{"count":32,"href":"https:\/\/idealengros.com\/en\/wp-json\/wp\/v2\/pages\/1359\/revisions"}],"predecessor-version":[{"id":2464,"href":"https:\/\/idealengros.com\/en\/wp-json\/wp\/v2\/pages\/1359\/revisions\/2464"}],"wp:attachment":[{"href":"https:\/\/idealengros.com\/en\/wp-json\/wp\/v2\/media?parent=1359"}],"curies":[{"name":"wp","href":"https:\/\/api.w.org\/{rel}","templated":true}]}}